{"id":6110,"date":"2022-01-04T09:29:09","date_gmt":"2022-01-04T08:29:09","guid":{"rendered":"http:\/\/saima.com.netechlab.it\/azienda\/"},"modified":"2022-01-19T19:06:41","modified_gmt":"2022-01-19T18:06:41","slug":"firma","status":"publish","type":"page","link":"https:\/\/www.saima.com\/de\/firma\/","title":{"rendered":"Firma"},"content":{"rendered":"\t\t<div data-elementor-type=\"wp-page\" data-elementor-id=\"6110\" class=\"elementor elementor-6110 elementor-1852\" data-elementor-settings=\"[]\">\n\t\t\t\t\t\t\t<div class=\"elementor-section-wrap\">\n\t\t\t\t\t\t\t<section class=\"elementor-section elementor-top-section elementor-element elementor-element-21e977e elementor-section-boxed elementor-section-height-default elementor-section-height-default\" data-id=\"21e977e\" data-element_type=\"section\">\n\t\t\t\t\t\t<div class=\"elementor-container elementor-column-gap-extended\">\n\t\t\t\t\t<div class=\"elementor-column elementor-col-100 elementor-top-column elementor-element elementor-element-5f416ac\" data-id=\"5f416ac\" data-element_type=\"column\">\n\t\t\t<div class=\"elementor-widget-wrap elementor-element-populated\">\n\t\t\t\t\t\t\t\t<div class=\"elementor-element elementor-element-f23bd20 elementor-widget elementor-widget-spacer\" data-id=\"f23bd20\" data-element_type=\"widget\" data-widget_type=\"spacer.default\">\n\t\t\t\t<div class=\"elementor-widget-container\">\n\t\t\t\t\t<div class=\"elementor-spacer\">\n\t\t\t<div class=\"elementor-spacer-inner\"><\/div>\n\t\t<\/div>\n\t\t\t\t<\/div>\n\t\t\t\t<\/div>\n\t\t\t\t<div class=\"elementor-element elementor-element-7affd5a divider_yes elementor-widget elementor-widget-wgl-double-headings\" data-id=\"7affd5a\" data-element_type=\"widget\" data-widget_type=\"wgl-double-headings.default\">\n\t\t\t\t<div class=\"elementor-widget-container\">\n\t\t\t<div class=\"wgl-double_heading aleft\"><div class=\"dbl-subtitle\"><span>Firma<\/span><\/div>\t\t\t\t<h3 class=\"dbl-title_wrapper\"><span class=\"dbl-title dbl-title_1\">Maschinenbau steht f\u00fcr ...Werte \u2026Wachstum.... Entwicklung und Qualit\u00e4t<\/span> \t\t\t\t<\/h3><span class=\"dbl-title dbl-bg_text\">Firma<\/span> \t\t<\/div>\t\t<\/div>\n\t\t\t\t<\/div>\n\t\t\t\t<div class=\"elementor-element elementor-element-7543e09 elementor-widget elementor-widget-text-editor\" data-id=\"7543e09\" data-element_type=\"widget\" data-widget_type=\"text-editor.default\">\n\t\t\t\t<div class=\"elementor-widget-container\">\n\t\t\t\t\t\t\t<p>Heute z\u00e4hlt Saima zu einem fortschrittlichen und gut organisierten Industrieunternehmen,welches auf Grund seiner Berufung und seinem einzigartigen und hochspezialisierten Wissen in der Lage ist neuen Anspr\u00fcchen der internationalen M\u00e4rkte gerecht zu werden.<\/p><p>Dank seiner Maschinen, die von Beginn bis Ende im Firmensitz durchdacht, geplant und realisiert werden und dank seines qualifizierten Personals sowie flexiblen und schnell-entscheidungstreffenden Managements, steht Saima f\u00fcr weltweit anerkannte Qualit\u00e4t.<\/p><p><span>La specializzazione di SAIMA si focalizza di conseguenza in un comparto ben specifico nelle lavorazioni meccaniche di precisione per particolari di grosse dimensioni, distinguendosi tra i maggiori costruttori di componenti meccanici ad alta affidabilit\u00e0 che vengono impiegati in molteplici applicazioni in tutto il mondo e nei settori pi\u00f9 diversificati.<\/span><\/p>\t\t\t\t\t\t<\/div>\n\t\t\t\t<\/div>\n\t\t\t\t<div class=\"elementor-element elementor-element-360affa elementor-widget elementor-widget-spacer\" data-id=\"360affa\" data-element_type=\"widget\" data-widget_type=\"spacer.default\">\n\t\t\t\t<div class=\"elementor-widget-container\">\n\t\t\t\t\t<div class=\"elementor-spacer\">\n\t\t\t<div class=\"elementor-spacer-inner\"><\/div>\n\t\t<\/div>\n\t\t\t\t<\/div>\n\t\t\t\t<\/div>\n\t\t\t\t\t<\/div>\n\t\t<\/div>\n\t\t\t\t\t\t\t<\/div>\n\t\t<\/section>\n\t\t\t\t<section class=\"elementor-section elementor-top-section elementor-element elementor-element-c7cbd16 elementor-section-boxed elementor-section-height-default elementor-section-height-default\" data-id=\"c7cbd16\" data-element_type=\"section\">\n\t\t\t\t\t\t<div class=\"elementor-container elementor-column-gap-default\">\n\t\t\t\t\t<div class=\"elementor-column elementor-col-100 elementor-top-column elementor-element elementor-element-9f0a4c1\" data-id=\"9f0a4c1\" data-element_type=\"column\">\n\t\t\t<div class=\"elementor-widget-wrap elementor-element-populated\">\n\t\t\t\t\t\t\t\t<div class=\"elementor-element elementor-element-626bde6 elementor-widget elementor-widget-accordion\" data-id=\"626bde6\" data-element_type=\"widget\" data-widget_type=\"accordion.default\">\n\t\t\t\t<div class=\"elementor-widget-container\">\n\t\t\t\t\t<div class=\"elementor-accordion\" role=\"tablist\">\n\t\t\t\t\t\t\t<div class=\"elementor-accordion-item\">\n\t\t\t\t\t<div id=\"elementor-tab-title-1031\" class=\"elementor-tab-title\" data-tab=\"1\" role=\"tab\" aria-controls=\"elementor-tab-content-1031\" aria-expanded=\"false\">\n\t\t\t\t\t\t\t\t\t\t\t\t\t<span class=\"elementor-accordion-icon elementor-accordion-icon-left\" aria-hidden=\"true\">\n\t\t\t\t\t\t\t\t\t\t\t\t\t\t\t<span class=\"elementor-accordion-icon-closed\"><i class=\"fas fa-plus\"><\/i><\/span>\n\t\t\t\t\t\t\t\t<span class=\"elementor-accordion-icon-opened\"><i class=\"fas fa-minus\"><\/i><\/span>\n\t\t\t\t\t\t\t\t\t\t\t\t\t\t<\/span>\n\t\t\t\t\t\t\t\t\t\t\t\t<a class=\"elementor-accordion-title\" href=\"\">Folgende Verfahren: <\/a>\n\t\t\t\t\t<\/div>\n\t\t\t\t\t<div id=\"elementor-tab-content-1031\" class=\"elementor-tab-content elementor-clearfix\" data-tab=\"1\" role=\"tabpanel\" aria-labelledby=\"elementor-tab-title-1031\"><p>Drehen, Bohren, Ausbohren, Hohlkernbohrung ,Tiefenbohrung, Fr\u00e4sen, Polieren, gehonte L\u00f6cher, R\u00f6hrenbohrung , Schleifen, harte Verchromung, Verchromung auf St\u00e4rke, Vernicklung, Schweissen, Gewindebohren, Maschinenbau, Oberfl\u00e4chenbehandlung, Streckung, Nitrieren, Br\u00fcnieren, Bronzeauftragung, Keramikverkleidung, Lackierung, Sandstrahlreinigung, Abnahmepr\u00fcfung, Pr\u00fcfung, Toleranz H8 und j7, technische Analyse, Planung, Beurkundungen, Pr\u00fcfung, Abnahme,Retrofit, Revision , Instandsetzung, Rekonstruktion<\/p><\/div>\n\t\t\t\t<\/div>\n\t\t\t\t\t\t\t<div class=\"elementor-accordion-item\">\n\t\t\t\t\t<div id=\"elementor-tab-title-1032\" class=\"elementor-tab-title\" data-tab=\"2\" role=\"tab\" aria-controls=\"elementor-tab-content-1032\" aria-expanded=\"false\">\n\t\t\t\t\t\t\t\t\t\t\t\t\t<span class=\"elementor-accordion-icon elementor-accordion-icon-left\" aria-hidden=\"true\">\n\t\t\t\t\t\t\t\t\t\t\t\t\t\t\t<span class=\"elementor-accordion-icon-closed\"><i class=\"fas fa-plus\"><\/i><\/span>\n\t\t\t\t\t\t\t\t<span class=\"elementor-accordion-icon-opened\"><i class=\"fas fa-minus\"><\/i><\/span>\n\t\t\t\t\t\t\t\t\t\t\t\t\t\t<\/span>\n\t\t\t\t\t\t\t\t\t\t\t\t<a class=\"elementor-accordion-title\" href=\"\">Herstellung von:<\/a>\n\t\t\t\t\t<\/div>\n\t\t\t\t\t<div id=\"elementor-tab-content-1032\" class=\"elementor-tab-content elementor-clearfix\" data-tab=\"2\" role=\"tabpanel\" aria-labelledby=\"elementor-tab-title-1032\"><p>\u00d6lhydraulik-Zylindern, Hydraulikzylindern, Hydraulikwinden, Zylindern ISO 6020, Zylindern ISO 6022, Pneumatikzylindern, Druck-\u00dcbersetzungsgetrieben (hoher Druck), Antrieb-\u00dcbersetzungsgetrieben, Hydraulikkolben, Plastifizierungskammern, Schrauben, F\u00f6rderschnecken, Schubschleppern, Maschinenbestandteilen, aus Metall gefertigten Erzeugnissen, Schmiedeerzeugnissen, Sauerstoff-Schneiden, Schmiedearbeiten, Schmelzst\u00fccken, Walzst\u00fccken, H\u00e4rtungen, gehonten Rohren, rostfreiem Stahl, Spezialstahl, Duplex, Superduplex, Messing, Aluminium, AISI 403 \u2013 416, gehontem Stahl, verchromten Stangen, verchromten Rohren, regulierten Sch\u00e4ften, Maschinenteilen, Dichtungen, Dichtungsringen, Abstreifern, Bronzelagern, Maschinenverschl\u00fcssen, Transduktoren, Schraubensicherungen, einheitlichen Verbindungsst\u00fccken, \u00d6sen, gedrehten Wellen, gehonten Buchsen, Bremsungen, Zubeh\u00f6rteilen, Spindeln, verschiedenen Kolben, Zylinderk\u00f6pfen, Grundplatten, Flanschen, Walzen, Sockeln, Walzmaterial calandrato, Kernmaterial nucleo, gehonten K\u00f6rpern, Ventilen, Elektroventilen, Leitr\u00e4dern, Aktoren<\/p><\/div>\n\t\t\t\t<\/div>\n\t\t\t\t\t\t\t<div class=\"elementor-accordion-item\">\n\t\t\t\t\t<div id=\"elementor-tab-title-1033\" class=\"elementor-tab-title\" data-tab=\"3\" role=\"tab\" aria-controls=\"elementor-tab-content-1033\" aria-expanded=\"false\">\n\t\t\t\t\t\t\t\t\t\t\t\t\t<span class=\"elementor-accordion-icon elementor-accordion-icon-left\" aria-hidden=\"true\">\n\t\t\t\t\t\t\t\t\t\t\t\t\t\t\t<span class=\"elementor-accordion-icon-closed\"><i class=\"fas fa-plus\"><\/i><\/span>\n\t\t\t\t\t\t\t\t<span class=\"elementor-accordion-icon-opened\"><i class=\"fas fa-minus\"><\/i><\/span>\n\t\t\t\t\t\t\t\t\t\t\t\t\t\t<\/span>\n\t\t\t\t\t\t\t\t\t\t\t\t<a class=\"elementor-accordion-title\" href=\"\">Ausf\u00fchrung maschineller Bearbeitungen in verschiedenen Bereichen wie:<\/a>\n\t\t\t\t\t<\/div>\n\t\t\t\t\t<div id=\"elementor-tab-content-1033\" class=\"elementor-tab-content elementor-clearfix\" data-tab=\"3\" role=\"tabpanel\" aria-labelledby=\"elementor-tab-title-1033\"><div id=\"text\"><p>Feinmechanik, Mechanik bei grossen Abmessungen, Planmechanik, Schiffsmechanik, Erdw\u00e4rmeenergie, Windenergie, Wasserkraftenergie, W\u00e4rmekraftenergie, Kernenergie, Werkzeugmaschinen, Spezialmaschinen, Maschinen zur Kunststoffbearbeitung, Maschinen zur Metallverformung, Maschinen zum Schneiden von Metallen, Maschinen zur Bearbeitung von Marmor und Stein, Maschinen zur Holzbearbeitung,Maschinen zur Glasbearbeitung, Verpackungsmaschinen, Maschinenbestandteile f\u00fcr die Petrolchemie, Bohrungen, Erdbewegungen, Verteidigung und Sicherheit, Br\u00fcckenbau, Schotten, \u201cVinciane\u201d Torbau, Karusellbau, Marineh\u00e4fen, Schwergewichthebungen, Planungsentw\u00fcrfe.<\/p><\/div><\/div>\n\t\t\t\t<\/div>\n\t\t\t\t\t\t\t\t<\/div>\n\t\t\t\t<\/div>\n\t\t\t\t<\/div>\n\t\t\t\t\t<\/div>\n\t\t<\/div>\n\t\t\t\t\t\t\t<\/div>\n\t\t<\/section>\n\t\t\t\t<section class=\"elementor-section elementor-top-section elementor-element elementor-element-82e1e63 elementor-section-boxed elementor-section-height-default elementor-section-height-default\" data-id=\"82e1e63\" data-element_type=\"section\" data-settings=\"{&quot;background_background&quot;:&quot;classic&quot;}\">\n\t\t\t\t\t\t<div class=\"elementor-container elementor-column-gap-default\">\n\t\t\t\t\t<div class=\"elementor-column elementor-col-100 elementor-top-column elementor-element elementor-element-6256312\" data-id=\"6256312\" data-element_type=\"column\">\n\t\t\t<div class=\"elementor-widget-wrap elementor-element-populated\">\n\t\t\t\t\t\t\t\t<div class=\"elementor-element elementor-element-f1af5c2 elementor-widget elementor-widget-spacer\" data-id=\"f1af5c2\" data-element_type=\"widget\" data-widget_type=\"spacer.default\">\n\t\t\t\t<div class=\"elementor-widget-container\">\n\t\t\t\t\t<div class=\"elementor-spacer\">\n\t\t\t<div class=\"elementor-spacer-inner\"><\/div>\n\t\t<\/div>\n\t\t\t\t<\/div>\n\t\t\t\t<\/div>\n\t\t\t\t\t<\/div>\n\t\t<\/div>\n\t\t\t\t\t\t\t<\/div>\n\t\t<\/section>\n\t\t\t\t<section class=\"elementor-section elementor-top-section elementor-element elementor-element-b0804bd elementor-section-content-middle elementor-section-boxed elementor-section-height-default elementor-section-height-default\" data-id=\"b0804bd\" data-element_type=\"section\" data-settings=\"{&quot;background_background&quot;:&quot;classic&quot;}\">\n\t\t\t\t\t\t<div class=\"elementor-container elementor-column-gap-default\">\n\t\t\t\t\t<div class=\"elementor-column elementor-col-50 elementor-top-column elementor-element elementor-element-7230e0d\" data-id=\"7230e0d\" data-element_type=\"column\">\n\t\t\t<div class=\"elementor-widget-wrap elementor-element-populated\">\n\t\t\t\t\t\t\t\t<div class=\"elementor-element elementor-element-a877e40 elementor-widget elementor-widget-heading\" data-id=\"a877e40\" data-element_type=\"widget\" data-widget_type=\"heading.default\">\n\t\t\t\t<div class=\"elementor-widget-container\">\n\t\t\t<h2 class=\"elementor-heading-title elementor-size-default\">Brauchen Sie Beratung?<\/h2>\t\t<\/div>\n\t\t\t\t<\/div>\n\t\t\t\t<div class=\"elementor-element elementor-element-f4b6a4b elementor-widget elementor-widget-text-editor\" data-id=\"f4b6a4b\" data-element_type=\"widget\" data-widget_type=\"text-editor.default\">\n\t\t\t\t<div class=\"elementor-widget-container\">\n\t\t\t\t\t\t\t<p>Gehen Sie zur Kontaktseite, f\u00fcllen Sie das Formular aus oder kontaktieren Sie uns \u00fcber die direkten Kontaktdaten<\/p>\t\t\t\t\t\t<\/div>\n\t\t\t\t<\/div>\n\t\t\t\t\t<\/div>\n\t\t<\/div>\n\t\t\t\t<div class=\"elementor-column elementor-col-50 elementor-top-column elementor-element elementor-element-cc99b8e\" data-id=\"cc99b8e\" data-element_type=\"column\">\n\t\t\t<div class=\"elementor-widget-wrap elementor-element-populated\">\n\t\t\t\t\t\t\t\t<div class=\"elementor-element elementor-element-d6b502a divider_yes elementor-widget elementor-widget-wgl-double-headings\" data-id=\"d6b502a\" data-element_type=\"widget\" data-widget_type=\"wgl-double-headings.default\">\n\t\t\t\t<div class=\"elementor-widget-container\">\n\t\t\t<div class=\"wgl-double_heading aleft\">\t\t\t\t<h3 class=\"dbl-title_wrapper\">\t\t\t\t<\/h3><span class=\"dbl-title dbl-bg_text\">24\/7<\/span> \t\t<\/div>\t\t<\/div>\n\t\t\t\t<\/div>\n\t\t\t\t<div class=\"elementor-element elementor-element-684f0ce elementor-align-right elementor-widget elementor-widget-wgl-button\" data-id=\"684f0ce\" data-element_type=\"widget\" data-widget_type=\"wgl-button.default\">\n\t\t\t\t<div class=\"elementor-widget-container\">\n\t\t\t\t\t<div class=\"elementor-button-wrapper elementor-button-icon\">\r\n\t\t\t<a class=\"elementor-button-link wgl-button elementor-button button-size-lg\" href=\"https:\/\/www.saima.com\/de\/kontakte\/\" role=\"button\">\t\t\t\t<div class=\"button-content-wrapper \">\r\n\t\t\t\t\t\t\t\t\t\t<span class=\"elementor-button-text\">Kontaktiere uns<\/span>\r\n\t\t\t\t<\/div>\r\n\t\t\t\t<\/a>\r\n\t\t<\/div>\r\n\t\t\t\t<\/div>\n\t\t\t\t<\/div>\n\t\t\t\t\t<\/div>\n\t\t<\/div>\n\t\t\t\t\t\t\t<\/div>\n\t\t<\/section>\n\t\t\t\t\t\t<\/div>\n\t\t\t\t\t<\/div>\n\t\t","protected":false},"excerpt":{"rendered":"<p>Firma Maschinenbau steht f\u00fcr &#8230;Werte \u2026Wachstum&#8230;. Entwicklung und Qualit\u00e4t Firma Heute z\u00e4hlt Saima zu einem fortschrittlichen und gut organisierten Industrieunternehmen,welches auf Grund seiner Berufung und seinem einzigartigen und hochspezialisierten Wissen in der Lage ist neuen Anspr\u00fcchen der internationalen M\u00e4rkte gerecht zu werden. Dank seiner Maschinen, die von Beginn bis Ende im Firmensitz durchdacht, geplant und [&hellip;]<\/p>\n","protected":false},"author":1,"featured_media":0,"parent":0,"menu_order":0,"comment_status":"closed","ping_status":"closed","template":"","meta":{"footnotes":""},"class_list":["post-6110","page","type-page","status-publish","hentry"],"_links":{"self":[{"href":"https:\/\/www.saima.com\/de\/wp-json\/wp\/v2\/pages\/6110","targetHints":{"allow":["GET"]}}],"collection":[{"href":"https:\/\/www.saima.com\/de\/wp-json\/wp\/v2\/pages"}],"about":[{"href":"https:\/\/www.saima.com\/de\/wp-json\/wp\/v2\/types\/page"}],"author":[{"embeddable":true,"href":"https:\/\/www.saima.com\/de\/wp-json\/wp\/v2\/users\/1"}],"replies":[{"embeddable":true,"href":"https:\/\/www.saima.com\/de\/wp-json\/wp\/v2\/comments?post=6110"}],"version-history":[{"count":9,"href":"https:\/\/www.saima.com\/de\/wp-json\/wp\/v2\/pages\/6110\/revisions"}],"predecessor-version":[{"id":7779,"href":"https:\/\/www.saima.com\/de\/wp-json\/wp\/v2\/pages\/6110\/revisions\/7779"}],"wp:attachment":[{"href":"https:\/\/www.saima.com\/de\/wp-json\/wp\/v2\/media?parent=6110"}],"curies":[{"name":"wp","href":"https:\/\/api.w.org\/{rel}","templated":true}]}}