{"id":6114,"date":"2022-01-04T09:30:00","date_gmt":"2022-01-04T08:30:00","guid":{"rendered":"http:\/\/saima.com.netechlab.it\/azienda\/"},"modified":"2022-01-19T19:06:33","modified_gmt":"2022-01-19T18:06:33","slug":"empresa","status":"publish","type":"page","link":"https:\/\/www.saima.com\/es\/empresa\/","title":{"rendered":"Empresa"},"content":{"rendered":"\t\t<div data-elementor-type=\"wp-page\" data-elementor-id=\"6114\" class=\"elementor elementor-6114 elementor-1852\" data-elementor-settings=\"[]\">\n\t\t\t\t\t\t\t<div class=\"elementor-section-wrap\">\n\t\t\t\t\t\t\t<section class=\"elementor-section elementor-top-section elementor-element elementor-element-21e977e elementor-section-boxed elementor-section-height-default elementor-section-height-default\" data-id=\"21e977e\" data-element_type=\"section\">\n\t\t\t\t\t\t<div class=\"elementor-container elementor-column-gap-extended\">\n\t\t\t\t\t<div class=\"elementor-column elementor-col-100 elementor-top-column elementor-element elementor-element-5f416ac\" data-id=\"5f416ac\" data-element_type=\"column\">\n\t\t\t<div class=\"elementor-widget-wrap elementor-element-populated\">\n\t\t\t\t\t\t\t\t<div class=\"elementor-element elementor-element-f23bd20 elementor-widget elementor-widget-spacer\" data-id=\"f23bd20\" data-element_type=\"widget\" data-widget_type=\"spacer.default\">\n\t\t\t\t<div class=\"elementor-widget-container\">\n\t\t\t\t\t<div class=\"elementor-spacer\">\n\t\t\t<div class=\"elementor-spacer-inner\"><\/div>\n\t\t<\/div>\n\t\t\t\t<\/div>\n\t\t\t\t<\/div>\n\t\t\t\t<div class=\"elementor-element elementor-element-7affd5a divider_yes elementor-widget elementor-widget-wgl-double-headings\" data-id=\"7affd5a\" data-element_type=\"widget\" data-widget_type=\"wgl-double-headings.default\">\n\t\t\t\t<div class=\"elementor-widget-container\">\n\t\t\t<div class=\"wgl-double_heading aleft\"><div class=\"dbl-subtitle\"><span>Empresa<\/span><\/div>\t\t\t\t<h3 class=\"dbl-title_wrapper\"><span class=\"dbl-title dbl-title_1\">La mec\u00e1nica como ... Valor ... Desarrollo... Evoluci\u00f3n y Calidad<\/span> \t\t\t\t<\/h3><span class=\"dbl-title dbl-bg_text\">Empresa<\/span> \t\t<\/div>\t\t<\/div>\n\t\t\t\t<\/div>\n\t\t\t\t<div class=\"elementor-element elementor-element-7543e09 elementor-widget elementor-widget-text-editor\" data-id=\"7543e09\" data-element_type=\"widget\" data-widget_type=\"text-editor.default\">\n\t\t\t\t<div class=\"elementor-widget-container\">\n\t\t\t\t\t\t\t<p>Actualmente, Saima es una empresa avanzada y bien organizada, capaz de afrontar los nuevos retos de los mercados internacionales con la fuerza de una vocaci\u00f3n innata y de un saber hacer exclusivo y altamente especializado.<\/p><p>Con un personal calificado y motivado y una gesti\u00f3n con una capacidad empresarial tan flexible como r\u00e1pida y reactiva, Saima es sobretodo int\u00e9rprete de una calidad reconocida universalmente, obtenida gracias a m\u00e1quinas completamente estudiadas, proyectadas y realizadas en el interior de la misma empresa.<\/p><p>Como consecuencia, la especializaci\u00f3n de SAIMA se centra en un sector espec\u00edfico de la producci\u00f3n mec\u00e1nica de precisi\u00f3n de elementos de grandes dimensiones, distingui\u00e9ndose entre los mayores constructores de componentes mec\u00e1nicos de alta fiabilidad que se emplean en m\u00faltiples aplicaciones en todo el mundo y en sectores muy variados.<\/p>\t\t\t\t\t\t<\/div>\n\t\t\t\t<\/div>\n\t\t\t\t<div class=\"elementor-element elementor-element-360affa elementor-widget elementor-widget-spacer\" data-id=\"360affa\" data-element_type=\"widget\" data-widget_type=\"spacer.default\">\n\t\t\t\t<div class=\"elementor-widget-container\">\n\t\t\t\t\t<div class=\"elementor-spacer\">\n\t\t\t<div class=\"elementor-spacer-inner\"><\/div>\n\t\t<\/div>\n\t\t\t\t<\/div>\n\t\t\t\t<\/div>\n\t\t\t\t\t<\/div>\n\t\t<\/div>\n\t\t\t\t\t\t\t<\/div>\n\t\t<\/section>\n\t\t\t\t<section class=\"elementor-section elementor-top-section elementor-element elementor-element-c7cbd16 elementor-section-boxed elementor-section-height-default elementor-section-height-default\" data-id=\"c7cbd16\" data-element_type=\"section\">\n\t\t\t\t\t\t<div class=\"elementor-container elementor-column-gap-default\">\n\t\t\t\t\t<div class=\"elementor-column elementor-col-100 elementor-top-column elementor-element elementor-element-9f0a4c1\" data-id=\"9f0a4c1\" data-element_type=\"column\">\n\t\t\t<div class=\"elementor-widget-wrap elementor-element-populated\">\n\t\t\t\t\t\t\t\t<div class=\"elementor-element elementor-element-626bde6 elementor-widget elementor-widget-accordion\" data-id=\"626bde6\" data-element_type=\"widget\" data-widget_type=\"accordion.default\">\n\t\t\t\t<div class=\"elementor-widget-container\">\n\t\t\t\t\t<div class=\"elementor-accordion\" role=\"tablist\">\n\t\t\t\t\t\t\t<div class=\"elementor-accordion-item\">\n\t\t\t\t\t<div id=\"elementor-tab-title-1031\" class=\"elementor-tab-title\" data-tab=\"1\" role=\"tab\" aria-controls=\"elementor-tab-content-1031\" aria-expanded=\"false\">\n\t\t\t\t\t\t\t\t\t\t\t\t\t<span class=\"elementor-accordion-icon elementor-accordion-icon-left\" aria-hidden=\"true\">\n\t\t\t\t\t\t\t\t\t\t\t\t\t\t\t<span class=\"elementor-accordion-icon-closed\"><i class=\"fas fa-plus\"><\/i><\/span>\n\t\t\t\t\t\t\t\t<span class=\"elementor-accordion-icon-opened\"><i class=\"fas fa-minus\"><\/i><\/span>\n\t\t\t\t\t\t\t\t\t\t\t\t\t\t<\/span>\n\t\t\t\t\t\t\t\t\t\t\t\t<a class=\"elementor-accordion-title\" href=\"\">Operaciones como:<\/a>\n\t\t\t\t\t<\/div>\n\t\t\t\t\t<div id=\"elementor-tab-content-1031\" class=\"elementor-tab-content elementor-clearfix\" data-tab=\"1\" role=\"tabpanel\" aria-labelledby=\"elementor-tab-title-1031\"><p>torneadura, barrenado, avellanado, extracci\u00f3n, perforaci\u00f3n profunda, fresado, pulido, orificios pulidos, avellanado de tubos, rectificaciones, cromado duro, cromado de espesor, niquelado, soldado, roscado, construcciones mec\u00e1nicas, tratamientos superficiales, distensi\u00f3n, nitruraci\u00f3n, bru\u00f1ido, aplicaci\u00f3n de bronce, revestimiento cer\u00e1mico, barnizado, arenaci\u00f3n (chorro de arena), test, control, tolerancia H8 y j7, estudio t\u00e9cnico, proyectos, certificaciones, control, test, actualizaci\u00f3n, revisi\u00f3n, restablecimiento, reconstrucci\u00f3n<\/p><\/div>\n\t\t\t\t<\/div>\n\t\t\t\t\t\t\t<div class=\"elementor-accordion-item\">\n\t\t\t\t\t<div id=\"elementor-tab-title-1032\" class=\"elementor-tab-title\" data-tab=\"2\" role=\"tab\" aria-controls=\"elementor-tab-content-1032\" aria-expanded=\"false\">\n\t\t\t\t\t\t\t\t\t\t\t\t\t<span class=\"elementor-accordion-icon elementor-accordion-icon-left\" aria-hidden=\"true\">\n\t\t\t\t\t\t\t\t\t\t\t\t\t\t\t<span class=\"elementor-accordion-icon-closed\"><i class=\"fas fa-plus\"><\/i><\/span>\n\t\t\t\t\t\t\t\t<span class=\"elementor-accordion-icon-opened\"><i class=\"fas fa-minus\"><\/i><\/span>\n\t\t\t\t\t\t\t\t\t\t\t\t\t\t<\/span>\n\t\t\t\t\t\t\t\t\t\t\t\t<a class=\"elementor-accordion-title\" href=\"\">Producci\u00f3n de:<\/a>\n\t\t\t\t\t<\/div>\n\t\t\t\t\t<div id=\"elementor-tab-content-1032\" class=\"elementor-tab-content elementor-clearfix\" data-tab=\"2\" role=\"tabpanel\" aria-labelledby=\"elementor-tab-title-1032\"><p>cilindros oleodin\u00e1micos, cilindros hidr\u00e1ulicos, martinete hidr\u00e1ulico, cilindros ISO 6020, cilindros 6022, cilindros neum\u00e1ticos, multiplicadores de presi\u00f3n, alta presi\u00f3n, multiplicadores de empuje, pistones hidr\u00e1ulicos, c\u00e1maras de plastificaci\u00f3n, tornillo, rosca de Arqu\u00edmedes, empujadores, componentes mec\u00e1nicos, productos manufacturados de metal, forjados, oxicorte, fraguados, fusi\u00f3n, laminados, templado, tubo pulido, acero inoxidable, acero especial, d\u00faplex, super d\u00faplex, lat\u00f3n, aluminio, AISI 403 \u2013 416, acero pulido, barra cromada, tubo cromado, v\u00e1stagos rectificados, elementos mec\u00e1nicos, guarniciones, anillos de retenci\u00f3n, raspadores, bujes, cierres mec\u00e1nicos, transductores, anti-desenroscado, juntas monol\u00edticas, ojales, ejes torneados, camisas pulidas, frenados, accesorios, v\u00e1stagos, carreras importantes, culata, fondo, brida, rodillo, virola, calandrado, n\u00facleo, cuerpo pulido, v\u00e1lvula, electrov\u00e1lvula, distribuidor, actuador.<\/p><\/div>\n\t\t\t\t<\/div>\n\t\t\t\t\t\t\t<div class=\"elementor-accordion-item\">\n\t\t\t\t\t<div id=\"elementor-tab-title-1033\" class=\"elementor-tab-title\" data-tab=\"3\" role=\"tab\" aria-controls=\"elementor-tab-content-1033\" aria-expanded=\"false\">\n\t\t\t\t\t\t\t\t\t\t\t\t\t<span class=\"elementor-accordion-icon elementor-accordion-icon-left\" aria-hidden=\"true\">\n\t\t\t\t\t\t\t\t\t\t\t\t\t\t\t<span class=\"elementor-accordion-icon-closed\"><i class=\"fas fa-plus\"><\/i><\/span>\n\t\t\t\t\t\t\t\t<span class=\"elementor-accordion-icon-opened\"><i class=\"fas fa-minus\"><\/i><\/span>\n\t\t\t\t\t\t\t\t\t\t\t\t\t\t<\/span>\n\t\t\t\t\t\t\t\t\t\t\t\t<a class=\"elementor-accordion-title\" href=\"\">Realizaci\u00f3n de elaboraciones mec\u00e1nicas para sectores diversos como:<\/a>\n\t\t\t\t\t<\/div>\n\t\t\t\t\t<div id=\"elementor-tab-content-1033\" class=\"elementor-tab-content elementor-clearfix\" data-tab=\"3\" role=\"tabpanel\" aria-labelledby=\"elementor-tab-title-1033\"><div id=\"text\"><p>mec\u00e1nica de precisi\u00f3n, mec\u00e1nica para grandes dimensiones, mec\u00e1nica a dise\u00f1o, mec\u00e1nica naval, energ\u00eda geot\u00e9rmica, energ\u00eda e\u00f3lica, energ\u00eda hidroel\u00e9ctrica, energ\u00eda termoel\u00e9ctrica, energ\u00eda nuclear, herramientas, m\u00e1quinas especiales, m\u00e1quinas para pl\u00e1stico, m\u00e1quinas para deformaci\u00f3n de metales, m\u00e1quinas para corte de metales, m\u00e1quinas para m\u00e1rmol y piedra, m\u00e1quinas para madera, m\u00e1quinas para vidrio, m\u00e1quinas de embalaje, componentes mec\u00e1nicos para petroqu\u00edmica, perforaciones, movimiento tierra, defensa y seguridad, puentes, tabiques, esclusas de dos compuertas (puertas oscilantes), atracciones de feria, portuario marino, elevaci\u00f3n de cargas pesadas, estudios de proyectos.<\/p><\/div><\/div>\n\t\t\t\t<\/div>\n\t\t\t\t\t\t\t\t<\/div>\n\t\t\t\t<\/div>\n\t\t\t\t<\/div>\n\t\t\t\t\t<\/div>\n\t\t<\/div>\n\t\t\t\t\t\t\t<\/div>\n\t\t<\/section>\n\t\t\t\t<section class=\"elementor-section elementor-top-section elementor-element elementor-element-82e1e63 elementor-section-boxed elementor-section-height-default elementor-section-height-default\" data-id=\"82e1e63\" data-element_type=\"section\" data-settings=\"{&quot;background_background&quot;:&quot;classic&quot;}\">\n\t\t\t\t\t\t<div class=\"elementor-container elementor-column-gap-default\">\n\t\t\t\t\t<div class=\"elementor-column elementor-col-100 elementor-top-column elementor-element elementor-element-6256312\" data-id=\"6256312\" data-element_type=\"column\">\n\t\t\t<div class=\"elementor-widget-wrap elementor-element-populated\">\n\t\t\t\t\t\t\t\t<div class=\"elementor-element elementor-element-f1af5c2 elementor-widget elementor-widget-spacer\" data-id=\"f1af5c2\" data-element_type=\"widget\" data-widget_type=\"spacer.default\">\n\t\t\t\t<div class=\"elementor-widget-container\">\n\t\t\t\t\t<div class=\"elementor-spacer\">\n\t\t\t<div class=\"elementor-spacer-inner\"><\/div>\n\t\t<\/div>\n\t\t\t\t<\/div>\n\t\t\t\t<\/div>\n\t\t\t\t\t<\/div>\n\t\t<\/div>\n\t\t\t\t\t\t\t<\/div>\n\t\t<\/section>\n\t\t\t\t<section class=\"elementor-section elementor-top-section elementor-element elementor-element-b0804bd elementor-section-content-middle elementor-section-boxed elementor-section-height-default elementor-section-height-default\" data-id=\"b0804bd\" data-element_type=\"section\" data-settings=\"{&quot;background_background&quot;:&quot;classic&quot;}\">\n\t\t\t\t\t\t<div class=\"elementor-container elementor-column-gap-default\">\n\t\t\t\t\t<div class=\"elementor-column elementor-col-50 elementor-top-column elementor-element elementor-element-7230e0d\" data-id=\"7230e0d\" data-element_type=\"column\">\n\t\t\t<div class=\"elementor-widget-wrap elementor-element-populated\">\n\t\t\t\t\t\t\t\t<div class=\"elementor-element elementor-element-a877e40 elementor-widget elementor-widget-heading\" data-id=\"a877e40\" data-element_type=\"widget\" data-widget_type=\"heading.default\">\n\t\t\t\t<div class=\"elementor-widget-container\">\n\t\t\t<h2 class=\"elementor-heading-title elementor-size-default\">\u00bfNecesitas consejo?<\/h2>\t\t<\/div>\n\t\t\t\t<\/div>\n\t\t\t\t<div class=\"elementor-element elementor-element-f4b6a4b elementor-widget elementor-widget-text-editor\" data-id=\"f4b6a4b\" data-element_type=\"widget\" data-widget_type=\"text-editor.default\">\n\t\t\t\t<div class=\"elementor-widget-container\">\n\t\t\t\t\t\t\t<p><span>Vaya a la p\u00e1gina de contacto, rellene el formulario o p\u00f3ngase en contacto con nosotros mediante los datos de contacto directo<\/span><\/p>\t\t\t\t\t\t<\/div>\n\t\t\t\t<\/div>\n\t\t\t\t\t<\/div>\n\t\t<\/div>\n\t\t\t\t<div class=\"elementor-column elementor-col-50 elementor-top-column elementor-element elementor-element-cc99b8e\" data-id=\"cc99b8e\" data-element_type=\"column\">\n\t\t\t<div class=\"elementor-widget-wrap elementor-element-populated\">\n\t\t\t\t\t\t\t\t<div class=\"elementor-element elementor-element-d6b502a divider_yes elementor-widget elementor-widget-wgl-double-headings\" data-id=\"d6b502a\" data-element_type=\"widget\" data-widget_type=\"wgl-double-headings.default\">\n\t\t\t\t<div class=\"elementor-widget-container\">\n\t\t\t<div class=\"wgl-double_heading aleft\">\t\t\t\t<h3 class=\"dbl-title_wrapper\">\t\t\t\t<\/h3><span class=\"dbl-title dbl-bg_text\">24\/7<\/span> \t\t<\/div>\t\t<\/div>\n\t\t\t\t<\/div>\n\t\t\t\t<div class=\"elementor-element elementor-element-684f0ce elementor-align-right elementor-widget elementor-widget-wgl-button\" data-id=\"684f0ce\" data-element_type=\"widget\" data-widget_type=\"wgl-button.default\">\n\t\t\t\t<div class=\"elementor-widget-container\">\n\t\t\t\t\t<div class=\"elementor-button-wrapper elementor-button-icon\">\r\n\t\t\t<a class=\"elementor-button-link wgl-button elementor-button button-size-lg\" href=\"https:\/\/www.saima.com\/es\/contactos\/\" role=\"button\">\t\t\t\t<div class=\"button-content-wrapper \">\r\n\t\t\t\t\t\t\t\t\t\t<span class=\"elementor-button-text\">Cont\u00e1ctenos<\/span>\r\n\t\t\t\t<\/div>\r\n\t\t\t\t<\/a>\r\n\t\t<\/div>\r\n\t\t\t\t<\/div>\n\t\t\t\t<\/div>\n\t\t\t\t\t<\/div>\n\t\t<\/div>\n\t\t\t\t\t\t\t<\/div>\n\t\t<\/section>\n\t\t\t\t\t\t<\/div>\n\t\t\t\t\t<\/div>\n\t\t","protected":false},"excerpt":{"rendered":"<p>Empresa La mec\u00e1nica como &#8230; Valor &#8230; Desarrollo&#8230; Evoluci\u00f3n y Calidad Empresa Actualmente, Saima es una empresa avanzada y bien organizada, capaz de afrontar los nuevos retos de los mercados internacionales con la fuerza de una vocaci\u00f3n innata y de un saber hacer exclusivo y altamente especializado. Con un personal calificado y motivado y una [&hellip;]<\/p>\n","protected":false},"author":1,"featured_media":0,"parent":0,"menu_order":0,"comment_status":"closed","ping_status":"closed","template":"","meta":{"footnotes":""},"class_list":["post-6114","page","type-page","status-publish","hentry"],"_links":{"self":[{"href":"https:\/\/www.saima.com\/es\/wp-json\/wp\/v2\/pages\/6114","targetHints":{"allow":["GET"]}}],"collection":[{"href":"https:\/\/www.saima.com\/es\/wp-json\/wp\/v2\/pages"}],"about":[{"href":"https:\/\/www.saima.com\/es\/wp-json\/wp\/v2\/types\/page"}],"author":[{"embeddable":true,"href":"https:\/\/www.saima.com\/es\/wp-json\/wp\/v2\/users\/1"}],"replies":[{"embeddable":true,"href":"https:\/\/www.saima.com\/es\/wp-json\/wp\/v2\/comments?post=6114"}],"version-history":[{"count":12,"href":"https:\/\/www.saima.com\/es\/wp-json\/wp\/v2\/pages\/6114\/revisions"}],"predecessor-version":[{"id":7781,"href":"https:\/\/www.saima.com\/es\/wp-json\/wp\/v2\/pages\/6114\/revisions\/7781"}],"wp:attachment":[{"href":"https:\/\/www.saima.com\/es\/wp-json\/wp\/v2\/media?parent=6114"}],"curies":[{"name":"wp","href":"https:\/\/api.w.org\/{rel}","templated":true}]}}