{"id":6272,"date":"2022-01-04T10:49:58","date_gmt":"2022-01-04T09:49:58","guid":{"rendered":"http:\/\/saima.com.netechlab.it\/lavorazioni\/"},"modified":"2022-01-19T18:56:59","modified_gmt":"2022-01-19T17:56:59","slug":"elaboraciones","status":"publish","type":"page","link":"https:\/\/www.saima.com\/es\/elaboraciones\/","title":{"rendered":"Elaboraciones"},"content":{"rendered":"\t\t<div data-elementor-type=\"wp-page\" data-elementor-id=\"6272\" class=\"elementor elementor-6272 elementor-3900\" data-elementor-settings=\"[]\">\n\t\t\t\t\t\t\t<div class=\"elementor-section-wrap\">\n\t\t\t\t\t\t\t<section class=\"elementor-section elementor-top-section elementor-element elementor-element-118e99a elementor-section-boxed elementor-section-height-default elementor-section-height-default\" data-id=\"118e99a\" data-element_type=\"section\">\n\t\t\t\t\t\t<div class=\"elementor-container elementor-column-gap-default\">\n\t\t\t\t\t<div class=\"elementor-column elementor-col-100 elementor-top-column elementor-element elementor-element-46985c0\" data-id=\"46985c0\" data-element_type=\"column\">\n\t\t\t<div class=\"elementor-widget-wrap elementor-element-populated\">\n\t\t\t\t\t\t\t\t<div class=\"elementor-element elementor-element-d43c4d0 elementor-widget elementor-widget-spacer\" data-id=\"d43c4d0\" data-element_type=\"widget\" data-widget_type=\"spacer.default\">\n\t\t\t\t<div class=\"elementor-widget-container\">\n\t\t\t\t\t<div class=\"elementor-spacer\">\n\t\t\t<div class=\"elementor-spacer-inner\"><\/div>\n\t\t<\/div>\n\t\t\t\t<\/div>\n\t\t\t\t<\/div>\n\t\t\t\t\t<\/div>\n\t\t<\/div>\n\t\t\t\t\t\t\t<\/div>\n\t\t<\/section>\n\t\t\t\t<section class=\"elementor-section elementor-top-section elementor-element elementor-element-2833bcf elementor-section-boxed elementor-section-height-default elementor-section-height-default\" data-id=\"2833bcf\" data-element_type=\"section\">\n\t\t\t\t\t\t<div class=\"elementor-container elementor-column-gap-default\">\n\t\t\t\t\t<div class=\"elementor-column elementor-col-100 elementor-top-column elementor-element elementor-element-c3364ae\" data-id=\"c3364ae\" data-element_type=\"column\">\n\t\t\t<div class=\"elementor-widget-wrap elementor-element-populated\">\n\t\t\t\t\t\t\t\t<div class=\"elementor-element elementor-element-1b5cbde elementor-widget elementor-widget-text-editor\" data-id=\"1b5cbde\" data-element_type=\"widget\" data-widget_type=\"text-editor.default\">\n\t\t\t\t<div class=\"elementor-widget-container\">\n\t\t\t\t\t\t\t<p style=\"text-align: center;\">Todas las funciones, incluida la cadena de suministro, la cadena de valor, la programaci\u00f3n de proyectos, la fabricaci\u00f3n, los servicios y repuestos, la tecnolog\u00eda, la I+D, etc., est\u00e1n integradas para ofrecer un paquete de soluciones completo.<\/p>\t\t\t\t\t\t<\/div>\n\t\t\t\t<\/div>\n\t\t\t\t\t<\/div>\n\t\t<\/div>\n\t\t\t\t\t\t\t<\/div>\n\t\t<\/section>\n\t\t\t\t<section class=\"elementor-section elementor-top-section elementor-element elementor-element-3dbcebc elementor-section-boxed elementor-section-height-default elementor-section-height-default\" data-id=\"3dbcebc\" data-element_type=\"section\">\n\t\t\t\t\t\t<div class=\"elementor-container elementor-column-gap-default\">\n\t\t\t\t\t<div class=\"elementor-column elementor-col-100 elementor-top-column elementor-element elementor-element-e761c38\" data-id=\"e761c38\" data-element_type=\"column\">\n\t\t\t<div class=\"elementor-widget-wrap elementor-element-populated\">\n\t\t\t\t\t\t\t\t<div class=\"elementor-element elementor-element-86fa8cb elementor-widget elementor-widget-spacer\" data-id=\"86fa8cb\" data-element_type=\"widget\" data-widget_type=\"spacer.default\">\n\t\t\t\t<div class=\"elementor-widget-container\">\n\t\t\t\t\t<div class=\"elementor-spacer\">\n\t\t\t<div class=\"elementor-spacer-inner\"><\/div>\n\t\t<\/div>\n\t\t\t\t<\/div>\n\t\t\t\t<\/div>\n\t\t\t\t\t<\/div>\n\t\t<\/div>\n\t\t\t\t\t\t\t<\/div>\n\t\t<\/section>\n\t\t\t\t<section class=\"elementor-section elementor-top-section elementor-element elementor-element-4d0e9b5 elementor-section-boxed elementor-section-height-default elementor-section-height-default\" data-id=\"4d0e9b5\" data-element_type=\"section\">\n\t\t\t\t\t\t<div class=\"elementor-container elementor-column-gap-default\">\n\t\t\t\t\t<div class=\"elementor-column elementor-col-100 elementor-top-column elementor-element elementor-element-3a17ede\" data-id=\"3a17ede\" data-element_type=\"column\">\n\t\t\t<div class=\"elementor-widget-wrap elementor-element-populated\">\n\t\t\t\t\t\t\t\t<div class=\"elementor-element elementor-element-4514ff1 elementor-widget elementor-widget-wgl-portfolio\" data-id=\"4514ff1\" data-element_type=\"widget\" data-widget_type=\"wgl-portfolio.default\">\n\t\t\t\t<div class=\"elementor-widget-container\">\n\t\t\t<section class=\"wgl_cpt_section\"><div class=\"wgl-portfolio\" id=\"portfolio_module_69f56cde92d61\"><div class=\"wgl-portfolio_wrapper\"><div class=\"wgl-portfolio_container container-grid row grid portfolio_columns-3\"  style=\"margin-right:-15px; margin-left:-15px; margin-bottom:-30px;\"><article class=\"wgl-portfolio-list_item item wgl_col-4 elaboraciones\"  style=\"padding-right:15px; padding-left:15px; padding-bottom:30px\"><div class=\"wgl-portfolio-item_wrapper inside_image simple_animation\"><div class=\"wgl-portfolio-item_image\"><img decoding=\"async\" src=\"https:\/\/www.saima.com\/wp-content\/uploads\/2019\/12\/croppedimage482275-photosphotoid453-2-740x940.jpg\"  alt=\"\" \/><\/div><div class=\"wgl-portfolio-item_description\"><div class=\"portfolio__see-more\"><a href=\"https:\/\/www.saima.com\/es\/elaboraciones\/torneado\/\"><\/a><i class=\"flaticon-plus\"><\/i><\/div><div class=\"portfolio__description\"><div class=\"portfolio__item-meta\"><span class=\"post_cats\"><a href=https:\/\/www.saima.com\/es\/portfolio-category\/elaboraciones\/ class=\"portfolio-category\">Elaboraciones<\/a><\/span><\/div><div class=\"portfolio__item-title\"><h4 class=\"title\"><a href=\"https:\/\/www.saima.com\/es\/elaboraciones\/torneado\/\">Torneado<\/a><\/h4><\/div><\/div><a href=\"https:\/\/www.saima.com\/es\/elaboraciones\/torneado\/\" class=\"portfolio_link custom_link\"><\/a><\/div><div class=\"overlay\"><\/div><\/div><\/article><article class=\"wgl-portfolio-list_item item wgl_col-4 elaboraciones\"  style=\"padding-right:15px; padding-left:15px; padding-bottom:30px\"><div class=\"wgl-portfolio-item_wrapper inside_image simple_animation\"><div class=\"wgl-portfolio-item_image\"><img decoding=\"async\" src=\"https:\/\/www.saima.com\/wp-content\/uploads\/2019\/12\/croppedimage482275-photosphotoid445-740x940.jpg\"  alt=\"\" \/><\/div><div class=\"wgl-portfolio-item_description\"><div class=\"portfolio__see-more\"><a href=\"https:\/\/www.saima.com\/es\/elaboraciones\/operaciones-complementarias\/\"><\/a><i class=\"flaticon-plus\"><\/i><\/div><div class=\"portfolio__description\"><div class=\"portfolio__item-meta\"><span class=\"post_cats\"><a href=https:\/\/www.saima.com\/es\/portfolio-category\/elaboraciones\/ class=\"portfolio-category\">Elaboraciones<\/a><\/span><\/div><div class=\"portfolio__item-title\"><h4 class=\"title\"><a href=\"https:\/\/www.saima.com\/es\/elaboraciones\/operaciones-complementarias\/\">Operaciones complementarias<\/a><\/h4><\/div><\/div><a href=\"https:\/\/www.saima.com\/es\/elaboraciones\/operaciones-complementarias\/\" class=\"portfolio_link custom_link\"><\/a><\/div><div class=\"overlay\"><\/div><\/div><\/article><article class=\"wgl-portfolio-list_item item wgl_col-4 elaboraciones\"  style=\"padding-right:15px; padding-left:15px; padding-bottom:30px\"><div class=\"wgl-portfolio-item_wrapper inside_image simple_animation\"><div class=\"wgl-portfolio-item_image\"><img decoding=\"async\" src=\"https:\/\/www.saima.com\/wp-content\/uploads\/2019\/12\/croppedimage482275-photosphotoid428-740x940.jpg\"  alt=\"\" \/><\/div><div class=\"wgl-portfolio-item_description\"><div class=\"portfolio__see-more\"><a href=\"https:\/\/www.saima.com\/es\/elaboraciones\/pulimentado\/\"><\/a><i class=\"flaticon-plus\"><\/i><\/div><div class=\"portfolio__description\"><div class=\"portfolio__item-meta\"><span class=\"post_cats\"><a href=https:\/\/www.saima.com\/es\/portfolio-category\/elaboraciones\/ class=\"portfolio-category\">Elaboraciones<\/a><\/span><\/div><div class=\"portfolio__item-title\"><h4 class=\"title\"><a href=\"https:\/\/www.saima.com\/es\/elaboraciones\/pulimentado\/\">Pulimentado<\/a><\/h4><\/div><\/div><a href=\"https:\/\/www.saima.com\/es\/elaboraciones\/pulimentado\/\" class=\"portfolio_link custom_link\"><\/a><\/div><div class=\"overlay\"><\/div><\/div><\/article><article class=\"wgl-portfolio-list_item item wgl_col-4 elaboraciones\"  style=\"padding-right:15px; padding-left:15px; padding-bottom:30px\"><div class=\"wgl-portfolio-item_wrapper inside_image simple_animation\"><div class=\"wgl-portfolio-item_image\"><img decoding=\"async\" src=\"https:\/\/www.saima.com\/wp-content\/uploads\/2019\/12\/croppedimage482275-photosphotoid417-740x940.jpg\"  alt=\"\" \/><\/div><div class=\"wgl-portfolio-item_description\"><div class=\"portfolio__see-more\"><a href=\"https:\/\/www.saima.com\/es\/elaboraciones\/fresado\/\"><\/a><i class=\"flaticon-plus\"><\/i><\/div><div class=\"portfolio__description\"><div class=\"portfolio__item-meta\"><span class=\"post_cats\"><a href=https:\/\/www.saima.com\/es\/portfolio-category\/elaboraciones\/ class=\"portfolio-category\">Elaboraciones<\/a><\/span><\/div><div class=\"portfolio__item-title\"><h4 class=\"title\"><a href=\"https:\/\/www.saima.com\/es\/elaboraciones\/fresado\/\">Fresado<\/a><\/h4><\/div><\/div><a href=\"https:\/\/www.saima.com\/es\/elaboraciones\/fresado\/\" class=\"portfolio_link custom_link\"><\/a><\/div><div class=\"overlay\"><\/div><\/div><\/article><article class=\"wgl-portfolio-list_item item wgl_col-4 elaboraciones\"  style=\"padding-right:15px; padding-left:15px; padding-bottom:30px\"><div class=\"wgl-portfolio-item_wrapper inside_image simple_animation\"><div class=\"wgl-portfolio-item_image\"><img decoding=\"async\" src=\"https:\/\/www.saima.com\/wp-content\/uploads\/2019\/12\/croppedimage482275-photosphotoid386-740x940.jpg\"  alt=\"\" \/><\/div><div class=\"wgl-portfolio-item_description\"><div class=\"portfolio__see-more\"><a href=\"https:\/\/www.saima.com\/es\/elaboraciones\/perforacion-profunda\/\"><\/a><i class=\"flaticon-plus\"><\/i><\/div><div class=\"portfolio__description\"><div class=\"portfolio__item-meta\"><span class=\"post_cats\"><a href=https:\/\/www.saima.com\/es\/portfolio-category\/elaboraciones\/ class=\"portfolio-category\">Elaboraciones<\/a><\/span><\/div><div class=\"portfolio__item-title\"><h4 class=\"title\"><a href=\"https:\/\/www.saima.com\/es\/elaboraciones\/perforacion-profunda\/\">Perforaci\u00f3n profunda<\/a><\/h4><\/div><\/div><a href=\"https:\/\/www.saima.com\/es\/elaboraciones\/perforacion-profunda\/\" class=\"portfolio_link custom_link\"><\/a><\/div><div class=\"overlay\"><\/div><\/div><\/article><article class=\"wgl-portfolio-list_item item wgl_col-4 elaboraciones\"  style=\"padding-right:15px; padding-left:15px; padding-bottom:30px\"><div class=\"wgl-portfolio-item_wrapper inside_image simple_animation\"><div class=\"wgl-portfolio-item_image\"><img decoding=\"async\" src=\"https:\/\/www.saima.com\/wp-content\/uploads\/2019\/12\/croppedimage482275-photosphotoid381-1-740x940.jpg\"  alt=\"\" \/><\/div><div class=\"wgl-portfolio-item_description\"><div class=\"portfolio__see-more\"><a href=\"https:\/\/www.saima.com\/es\/elaboraciones\/cromado\/\"><\/a><i class=\"flaticon-plus\"><\/i><\/div><div class=\"portfolio__description\"><div class=\"portfolio__item-meta\"><span class=\"post_cats\"><a href=https:\/\/www.saima.com\/es\/portfolio-category\/elaboraciones\/ class=\"portfolio-category\">Elaboraciones<\/a><\/span><\/div><div class=\"portfolio__item-title\"><h4 class=\"title\"><a href=\"https:\/\/www.saima.com\/es\/elaboraciones\/cromado\/\">Cromado<\/a><\/h4><\/div><\/div><a href=\"https:\/\/www.saima.com\/es\/elaboraciones\/cromado\/\" class=\"portfolio_link custom_link\"><\/a><\/div><div class=\"overlay\"><\/div><\/div><\/article><article class=\"wgl-portfolio-list_item item wgl_col-4 elaboraciones\"  style=\"padding-right:15px; padding-left:15px; padding-bottom:30px\"><div class=\"wgl-portfolio-item_wrapper inside_image simple_animation\"><div class=\"wgl-portfolio-item_image\"><img decoding=\"async\" src=\"https:\/\/www.saima.com\/wp-content\/uploads\/2019\/12\/croppedimage482275-photosphotoid375-740x940.jpg\"  alt=\"\" \/><\/div><div class=\"wgl-portfolio-item_description\"><div class=\"portfolio__see-more\"><a href=\"https:\/\/www.saima.com\/es\/elaboraciones\/extraccion\/\"><\/a><i class=\"flaticon-plus\"><\/i><\/div><div class=\"portfolio__description\"><div class=\"portfolio__item-meta\"><span class=\"post_cats\"><a href=https:\/\/www.saima.com\/es\/portfolio-category\/elaboraciones\/ class=\"portfolio-category\">Elaboraciones<\/a><\/span><\/div><div class=\"portfolio__item-title\"><h4 class=\"title\"><a href=\"https:\/\/www.saima.com\/es\/elaboraciones\/extraccion\/\">Extracci\u00f3n<\/a><\/h4><\/div><\/div><a href=\"https:\/\/www.saima.com\/es\/elaboraciones\/extraccion\/\" class=\"portfolio_link custom_link\"><\/a><\/div><div class=\"overlay\"><\/div><\/div><\/article><article class=\"wgl-portfolio-list_item item wgl_col-4 elaboraciones\"  style=\"padding-right:15px; padding-left:15px; padding-bottom:30px\"><div class=\"wgl-portfolio-item_wrapper inside_image simple_animation\"><div class=\"wgl-portfolio-item_image\"><img decoding=\"async\" src=\"https:\/\/www.saima.com\/wp-content\/uploads\/2019\/12\/croppedimage482275-photosphotoid15-740x940.jpg\"  alt=\"\" \/><\/div><div class=\"wgl-portfolio-item_description\"><div class=\"portfolio__see-more\"><a href=\"https:\/\/www.saima.com\/es\/elaboraciones\/barrenado\/\"><\/a><i class=\"flaticon-plus\"><\/i><\/div><div class=\"portfolio__description\"><div class=\"portfolio__item-meta\"><span class=\"post_cats\"><a href=https:\/\/www.saima.com\/es\/portfolio-category\/elaboraciones\/ class=\"portfolio-category\">Elaboraciones<\/a><\/span><\/div><div class=\"portfolio__item-title\"><h4 class=\"title\"><a href=\"https:\/\/www.saima.com\/es\/elaboraciones\/barrenado\/\">Barrenado<\/a><\/h4><\/div><\/div><a href=\"https:\/\/www.saima.com\/es\/elaboraciones\/barrenado\/\" class=\"portfolio_link custom_link\"><\/a><\/div><div class=\"overlay\"><\/div><\/div><\/article><\/div><\/div><\/div><\/section>\t\t<\/div>\n\t\t\t\t<\/div>\n\t\t\t\t\t<\/div>\n\t\t<\/div>\n\t\t\t\t\t\t\t<\/div>\n\t\t<\/section>\n\t\t\t\t<section class=\"elementor-section elementor-top-section elementor-element elementor-element-ff84a68 elementor-section-boxed elementor-section-height-default elementor-section-height-default\" data-id=\"ff84a68\" data-element_type=\"section\">\n\t\t\t\t\t\t<div class=\"elementor-container elementor-column-gap-default\">\n\t\t\t\t\t<div class=\"elementor-column elementor-col-100 elementor-top-column elementor-element elementor-element-86a0d6f\" data-id=\"86a0d6f\" data-element_type=\"column\">\n\t\t\t<div class=\"elementor-widget-wrap\">\n\t\t\t\t\t\t\t\t\t<\/div>\n\t\t<\/div>\n\t\t\t\t\t\t\t<\/div>\n\t\t<\/section>\n\t\t\t\t\t\t<\/div>\n\t\t\t\t\t<\/div>\n\t\t","protected":false},"excerpt":{"rendered":"<p>Todas las funciones, incluida la cadena de suministro, la cadena de valor, la programaci\u00f3n de proyectos, la fabricaci\u00f3n, los servicios y repuestos, la tecnolog\u00eda, la I+D, etc., est\u00e1n integradas para ofrecer un paquete de soluciones completo. Elaboraciones Torneado Elaboraciones Operaciones complementarias Elaboraciones Pulimentado Elaboraciones Fresado Elaboraciones Perforaci\u00f3n profunda Elaboraciones Cromado Elaboraciones Extracci\u00f3n Elaboraciones Barrenado<\/p>\n","protected":false},"author":1,"featured_media":0,"parent":0,"menu_order":0,"comment_status":"closed","ping_status":"closed","template":"","meta":{"footnotes":""},"class_list":["post-6272","page","type-page","status-publish","hentry"],"_links":{"self":[{"href":"https:\/\/www.saima.com\/es\/wp-json\/wp\/v2\/pages\/6272","targetHints":{"allow":["GET"]}}],"collection":[{"href":"https:\/\/www.saima.com\/es\/wp-json\/wp\/v2\/pages"}],"about":[{"href":"https:\/\/www.saima.com\/es\/wp-json\/wp\/v2\/types\/page"}],"author":[{"embeddable":true,"href":"https:\/\/www.saima.com\/es\/wp-json\/wp\/v2\/users\/1"}],"replies":[{"embeddable":true,"href":"https:\/\/www.saima.com\/es\/wp-json\/wp\/v2\/comments?post=6272"}],"version-history":[{"count":9,"href":"https:\/\/www.saima.com\/es\/wp-json\/wp\/v2\/pages\/6272\/revisions"}],"predecessor-version":[{"id":7704,"href":"https:\/\/www.saima.com\/es\/wp-json\/wp\/v2\/pages\/6272\/revisions\/7704"}],"wp:attachment":[{"href":"https:\/\/www.saima.com\/es\/wp-json\/wp\/v2\/media?parent=6272"}],"curies":[{"name":"wp","href":"https:\/\/api.w.org\/{rel}","templated":true}]}}