{"id":1852,"date":"2019-12-05T14:16:26","date_gmt":"2019-12-05T13:16:26","guid":{"rendered":"http:\/\/irecco.wgl-demo.net\/?page_id=9"},"modified":"2023-06-30T09:15:43","modified_gmt":"2023-06-30T07:15:43","slug":"azienda","status":"publish","type":"page","link":"https:\/\/www.saima.com\/it\/azienda\/","title":{"rendered":"Azienda"},"content":{"rendered":"\t\t<div data-elementor-type=\"wp-page\" data-elementor-id=\"1852\" class=\"elementor elementor-1852\" data-elementor-settings=\"[]\">\n\t\t\t\t\t\t\t<div class=\"elementor-section-wrap\">\n\t\t\t\t\t\t\t<section class=\"elementor-section elementor-top-section elementor-element elementor-element-21e977e elementor-section-boxed elementor-section-height-default elementor-section-height-default\" data-id=\"21e977e\" data-element_type=\"section\">\n\t\t\t\t\t\t<div class=\"elementor-container elementor-column-gap-extended\">\n\t\t\t\t\t<div class=\"elementor-column elementor-col-100 elementor-top-column elementor-element elementor-element-5f416ac\" data-id=\"5f416ac\" data-element_type=\"column\">\n\t\t\t<div class=\"elementor-widget-wrap elementor-element-populated\">\n\t\t\t\t\t\t\t\t<div class=\"elementor-element elementor-element-f23bd20 elementor-widget elementor-widget-spacer\" data-id=\"f23bd20\" data-element_type=\"widget\" data-widget_type=\"spacer.default\">\n\t\t\t\t<div class=\"elementor-widget-container\">\n\t\t\t\t\t<div class=\"elementor-spacer\">\n\t\t\t<div class=\"elementor-spacer-inner\"><\/div>\n\t\t<\/div>\n\t\t\t\t<\/div>\n\t\t\t\t<\/div>\n\t\t\t\t<div class=\"elementor-element elementor-element-7affd5a divider_yes elementor-widget elementor-widget-wgl-double-headings\" data-id=\"7affd5a\" data-element_type=\"widget\" data-widget_type=\"wgl-double-headings.default\">\n\t\t\t\t<div class=\"elementor-widget-container\">\n\t\t\t<div class=\"wgl-double_heading aleft\"><div class=\"dbl-subtitle\"><span>Azienda<\/span><\/div>\t\t\t\t<h3 class=\"dbl-title_wrapper\"><span class=\"dbl-title dbl-title_1\">La meccanica come ... Valore ... Sviluppo ... Evoluzione e Qualit\u00e0<\/span> \t\t\t\t<\/h3><span class=\"dbl-title dbl-bg_text\">Azienda<\/span> \t\t<\/div>\t\t<\/div>\n\t\t\t\t<\/div>\n\t\t\t\t<div class=\"elementor-element elementor-element-7543e09 elementor-widget elementor-widget-text-editor\" data-id=\"7543e09\" data-element_type=\"widget\" data-widget_type=\"text-editor.default\">\n\t\t\t\t<div class=\"elementor-widget-container\">\n\t\t\t\t\t\t\t<p>Oggi Saima \u00e8 un&#8217;industria avanzata e ben organizzata, in grado di raccogliere le nuove sfide dei mercati internazionali con la forza di una vocazione innata e di un saper fare esclusivo e altamente specializzato.<\/p><p><span>Con uno staff qualificato e motivato e un management capace di un&#8217;imprenditorialit\u00e0 tanto flessibile quanto rapida e reattiva, Saima \u00e8 soprattutto interprete di una qualit\u00e0 universalmente riconosciuta, ottenuta grazie a macchine completamente studiate, progettate e realizzate all&#8217;interno della stessa azienda.<\/span><\/p><p><span>La specializzazione di SAIMA si focalizza di conseguenza in un comparto ben specifico nelle lavorazioni meccaniche di precisione per particolari di grosse dimensioni, distinguendosi tra i maggiori costruttori di componenti meccanici ad alta affidabilit\u00e0 che vengono impiegati in molteplici applicazioni in tutto il mondo e nei settori pi\u00f9 diversificati.<\/span><\/p>\t\t\t\t\t\t<\/div>\n\t\t\t\t<\/div>\n\t\t\t\t<div class=\"elementor-element elementor-element-360affa elementor-widget elementor-widget-spacer\" data-id=\"360affa\" data-element_type=\"widget\" data-widget_type=\"spacer.default\">\n\t\t\t\t<div class=\"elementor-widget-container\">\n\t\t\t\t\t<div class=\"elementor-spacer\">\n\t\t\t<div class=\"elementor-spacer-inner\"><\/div>\n\t\t<\/div>\n\t\t\t\t<\/div>\n\t\t\t\t<\/div>\n\t\t\t\t\t<\/div>\n\t\t<\/div>\n\t\t\t\t\t\t\t<\/div>\n\t\t<\/section>\n\t\t\t\t<section class=\"elementor-section elementor-top-section elementor-element elementor-element-c7cbd16 elementor-section-boxed elementor-section-height-default elementor-section-height-default\" data-id=\"c7cbd16\" data-element_type=\"section\">\n\t\t\t\t\t\t<div class=\"elementor-container elementor-column-gap-default\">\n\t\t\t\t\t<div class=\"elementor-column elementor-col-100 elementor-top-column elementor-element elementor-element-9f0a4c1\" data-id=\"9f0a4c1\" data-element_type=\"column\">\n\t\t\t<div class=\"elementor-widget-wrap elementor-element-populated\">\n\t\t\t\t\t\t\t\t<div class=\"elementor-element elementor-element-626bde6 elementor-widget elementor-widget-accordion\" data-id=\"626bde6\" data-element_type=\"widget\" data-widget_type=\"accordion.default\">\n\t\t\t\t<div class=\"elementor-widget-container\">\n\t\t\t\t\t<div class=\"elementor-accordion\" role=\"tablist\">\n\t\t\t\t\t\t\t<div class=\"elementor-accordion-item\">\n\t\t\t\t\t<div id=\"elementor-tab-title-1031\" class=\"elementor-tab-title\" data-tab=\"1\" role=\"tab\" aria-controls=\"elementor-tab-content-1031\" aria-expanded=\"false\">\n\t\t\t\t\t\t\t\t\t\t\t\t\t<span class=\"elementor-accordion-icon elementor-accordion-icon-left\" aria-hidden=\"true\">\n\t\t\t\t\t\t\t\t\t\t\t\t\t\t\t<span class=\"elementor-accordion-icon-closed\"><i class=\"fas fa-plus\"><\/i><\/span>\n\t\t\t\t\t\t\t\t<span class=\"elementor-accordion-icon-opened\"><i class=\"fas fa-minus\"><\/i><\/span>\n\t\t\t\t\t\t\t\t\t\t\t\t\t\t<\/span>\n\t\t\t\t\t\t\t\t\t\t\t\t<a class=\"elementor-accordion-title\" href=\"\">Operazioni quali:<\/a>\n\t\t\t\t\t<\/div>\n\t\t\t\t\t<div id=\"elementor-tab-content-1031\" class=\"elementor-tab-content elementor-clearfix\" data-tab=\"1\" role=\"tabpanel\" aria-labelledby=\"elementor-tab-title-1031\"><p><span>tornitura, barenatura,alesatura, carotatura, foratura profonda, fresatura, levigatura, fori levigati, alesaggio tubi, rettifica, cromatura dura, cromatura a spessore, nichelatura, saldatura, maschiatura, costruzioni meccaniche, trattamenti superficiali, distensione, nitrurazione, brunitura, riporto in bronzo, rivestimento ceramico, verniciatura, sabbiatura, collaudo, controllo, tolleranza H8 e j7, studio tecnico, progettazione, certificazioni, controllo, collaudo, retrofitting, revisione, ripristino, ricostruzione,<\/span><\/p><\/div>\n\t\t\t\t<\/div>\n\t\t\t\t\t\t\t<div class=\"elementor-accordion-item\">\n\t\t\t\t\t<div id=\"elementor-tab-title-1032\" class=\"elementor-tab-title\" data-tab=\"2\" role=\"tab\" aria-controls=\"elementor-tab-content-1032\" aria-expanded=\"false\">\n\t\t\t\t\t\t\t\t\t\t\t\t\t<span class=\"elementor-accordion-icon elementor-accordion-icon-left\" aria-hidden=\"true\">\n\t\t\t\t\t\t\t\t\t\t\t\t\t\t\t<span class=\"elementor-accordion-icon-closed\"><i class=\"fas fa-plus\"><\/i><\/span>\n\t\t\t\t\t\t\t\t<span class=\"elementor-accordion-icon-opened\"><i class=\"fas fa-minus\"><\/i><\/span>\n\t\t\t\t\t\t\t\t\t\t\t\t\t\t<\/span>\n\t\t\t\t\t\t\t\t\t\t\t\t<a class=\"elementor-accordion-title\" href=\"\">Produzione di:<\/a>\n\t\t\t\t\t<\/div>\n\t\t\t\t\t<div id=\"elementor-tab-content-1032\" class=\"elementor-tab-content elementor-clearfix\" data-tab=\"2\" role=\"tabpanel\" aria-labelledby=\"elementor-tab-title-1032\"><p><span>cilindri oleodinamici, cilindri idraulici, martinetti idraulici, cilindri ISO 6020, cilindri ISO 6022, cilindri pneumatici, moltiplicatori di pressione, alta pressione, moltiplicatori di spinta, pistoni idraulici, camere di plastificazione, viti, coclea, spintori, componenti meccanici, manufatti in metallo, forgiati, ossitaglio, fucinati, fusione, laminati, temprati, tubo levigato, acciao inox, acciaio speciale, duplex, superduplex, ottone, alluminio, AISI 403 \u2013 416,acciaio levigato, barra cromata, tubo cromato, steli rettificati, elementi meccanici, guarnizioni, anelli di tenuta, raschiatori, bronzine, chiusure meccaniche, trasduttori, antisvitamento, attacchi monolitici, occhielli, alberi torniti, camicie levigate, frenature, accessori, stelo, corse importanti, testata, fondello, flangia, rullo, virola, calandrato, nucleo, corpo levigato, valvola, elettrovalvola, distributore, attuatore,<\/span><\/p><\/div>\n\t\t\t\t<\/div>\n\t\t\t\t\t\t\t<div class=\"elementor-accordion-item\">\n\t\t\t\t\t<div id=\"elementor-tab-title-1033\" class=\"elementor-tab-title\" data-tab=\"3\" role=\"tab\" aria-controls=\"elementor-tab-content-1033\" aria-expanded=\"false\">\n\t\t\t\t\t\t\t\t\t\t\t\t\t<span class=\"elementor-accordion-icon elementor-accordion-icon-left\" aria-hidden=\"true\">\n\t\t\t\t\t\t\t\t\t\t\t\t\t\t\t<span class=\"elementor-accordion-icon-closed\"><i class=\"fas fa-plus\"><\/i><\/span>\n\t\t\t\t\t\t\t\t<span class=\"elementor-accordion-icon-opened\"><i class=\"fas fa-minus\"><\/i><\/span>\n\t\t\t\t\t\t\t\t\t\t\t\t\t\t<\/span>\n\t\t\t\t\t\t\t\t\t\t\t\t<a class=\"elementor-accordion-title\" href=\"\">Esecuzione di lavorazioni meccaniche per settori diversificati come:<\/a>\n\t\t\t\t\t<\/div>\n\t\t\t\t\t<div id=\"elementor-tab-content-1033\" class=\"elementor-tab-content elementor-clearfix\" data-tab=\"3\" role=\"tabpanel\" aria-labelledby=\"elementor-tab-title-1033\"><div id=\"text\"><p>meccanica di precisione, meccanica per grandi dimensioni, meccanica a disegno, meccanica navale, energia geotermica, energia eolica, energia idroelettrica, energia termoelettrica, energia nucleare, macchine utensili, macchine speciali, macchine per plastica, macchine per deformazione dei metalli, macchine per il taglio dei metalli, macchine per marmo e pietra, macchine per legno, macchine per il vetro, macchine packaging, componenti meccanici per petrolchimico, perforazione, movimento terra, difesa e sicurezza,ponti, paratie, porte vinciane, giostre, portuale marino, sollevamento pesante, studi di progettazione.<\/p><\/div><p>\u00a0<\/p><\/div>\n\t\t\t\t<\/div>\n\t\t\t\t\t\t\t\t<\/div>\n\t\t\t\t<\/div>\n\t\t\t\t<\/div>\n\t\t\t\t\t<\/div>\n\t\t<\/div>\n\t\t\t\t\t\t\t<\/div>\n\t\t<\/section>\n\t\t\t\t<section class=\"elementor-section elementor-top-section elementor-element elementor-element-82e1e63 elementor-section-boxed elementor-section-height-default elementor-section-height-default\" data-id=\"82e1e63\" data-element_type=\"section\" data-settings=\"{&quot;background_background&quot;:&quot;classic&quot;}\">\n\t\t\t\t\t\t<div class=\"elementor-container elementor-column-gap-default\">\n\t\t\t\t\t<div class=\"elementor-column elementor-col-100 elementor-top-column elementor-element elementor-element-6256312\" data-id=\"6256312\" data-element_type=\"column\">\n\t\t\t<div class=\"elementor-widget-wrap elementor-element-populated\">\n\t\t\t\t\t\t\t\t<div class=\"elementor-element elementor-element-f1af5c2 elementor-widget elementor-widget-spacer\" data-id=\"f1af5c2\" data-element_type=\"widget\" data-widget_type=\"spacer.default\">\n\t\t\t\t<div class=\"elementor-widget-container\">\n\t\t\t\t\t<div class=\"elementor-spacer\">\n\t\t\t<div class=\"elementor-spacer-inner\"><\/div>\n\t\t<\/div>\n\t\t\t\t<\/div>\n\t\t\t\t<\/div>\n\t\t\t\t\t<\/div>\n\t\t<\/div>\n\t\t\t\t\t\t\t<\/div>\n\t\t<\/section>\n\t\t\t\t<section class=\"elementor-section elementor-top-section elementor-element elementor-element-b0804bd elementor-section-content-middle elementor-section-boxed elementor-section-height-default elementor-section-height-default\" data-id=\"b0804bd\" data-element_type=\"section\" data-settings=\"{&quot;background_background&quot;:&quot;classic&quot;}\">\n\t\t\t\t\t\t<div class=\"elementor-container elementor-column-gap-default\">\n\t\t\t\t\t<div class=\"elementor-column elementor-col-50 elementor-top-column elementor-element elementor-element-7230e0d\" data-id=\"7230e0d\" data-element_type=\"column\">\n\t\t\t<div class=\"elementor-widget-wrap elementor-element-populated\">\n\t\t\t\t\t\t\t\t<div class=\"elementor-element elementor-element-a877e40 elementor-widget elementor-widget-heading\" data-id=\"a877e40\" data-element_type=\"widget\" data-widget_type=\"heading.default\">\n\t\t\t\t<div class=\"elementor-widget-container\">\n\t\t\t<h2 class=\"elementor-heading-title elementor-size-default\">Hai bisogno di una consulenza?\n<\/h2>\t\t<\/div>\n\t\t\t\t<\/div>\n\t\t\t\t<div class=\"elementor-element elementor-element-f4b6a4b elementor-widget elementor-widget-text-editor\" data-id=\"f4b6a4b\" data-element_type=\"widget\" data-widget_type=\"text-editor.default\">\n\t\t\t\t<div class=\"elementor-widget-container\">\n\t\t\t\t\t\t\t<p>Vai alla pagina contatti, compila il form o contattaci usando i recapiti diretti<\/p>\t\t\t\t\t\t<\/div>\n\t\t\t\t<\/div>\n\t\t\t\t\t<\/div>\n\t\t<\/div>\n\t\t\t\t<div class=\"elementor-column elementor-col-50 elementor-top-column elementor-element elementor-element-cc99b8e\" data-id=\"cc99b8e\" data-element_type=\"column\">\n\t\t\t<div class=\"elementor-widget-wrap elementor-element-populated\">\n\t\t\t\t\t\t\t\t<div class=\"elementor-element elementor-element-d6b502a divider_yes elementor-widget elementor-widget-wgl-double-headings\" data-id=\"d6b502a\" data-element_type=\"widget\" data-widget_type=\"wgl-double-headings.default\">\n\t\t\t\t<div class=\"elementor-widget-container\">\n\t\t\t<div class=\"wgl-double_heading aleft\">\t\t\t\t<h3 class=\"dbl-title_wrapper\">\t\t\t\t<\/h3><span class=\"dbl-title dbl-bg_text\">24\/7<\/span> \t\t<\/div>\t\t<\/div>\n\t\t\t\t<\/div>\n\t\t\t\t<div class=\"elementor-element elementor-element-684f0ce elementor-align-right elementor-widget elementor-widget-wgl-button\" data-id=\"684f0ce\" data-element_type=\"widget\" data-widget_type=\"wgl-button.default\">\n\t\t\t\t<div class=\"elementor-widget-container\">\n\t\t\t\t\t<div class=\"elementor-button-wrapper elementor-button-icon\">\r\n\t\t\t<a class=\"elementor-button-link wgl-button elementor-button button-size-lg\" href=\"https:\/\/www.saima.com\/it\/contatti\/\" role=\"button\">\t\t\t\t<div class=\"button-content-wrapper \">\r\n\t\t\t\t\t\t\t\t\t\t<span class=\"elementor-button-text\">Contattaci<\/span>\r\n\t\t\t\t<\/div>\r\n\t\t\t\t<\/a>\r\n\t\t<\/div>\r\n\t\t\t\t<\/div>\n\t\t\t\t<\/div>\n\t\t\t\t\t<\/div>\n\t\t<\/div>\n\t\t\t\t\t\t\t<\/div>\n\t\t<\/section>\n\t\t\t\t\t\t<\/div>\n\t\t\t\t\t<\/div>\n\t\t","protected":false},"excerpt":{"rendered":"<p>Azienda La meccanica come &#8230; Valore &#8230; Sviluppo &#8230; Evoluzione e Qualit\u00e0 Azienda Oggi Saima \u00e8 un&#8217;industria avanzata e ben organizzata, in grado di raccogliere le nuove sfide dei mercati internazionali con la forza di una vocazione innata e di un saper fare esclusivo e altamente specializzato. Con uno staff qualificato e motivato e un [&hellip;]<\/p>\n","protected":false},"author":1,"featured_media":0,"parent":0,"menu_order":0,"comment_status":"closed","ping_status":"closed","template":"","meta":{"footnotes":""},"class_list":["post-1852","page","type-page","status-publish","hentry"],"_links":{"self":[{"href":"https:\/\/www.saima.com\/it\/wp-json\/wp\/v2\/pages\/1852","targetHints":{"allow":["GET"]}}],"collection":[{"href":"https:\/\/www.saima.com\/it\/wp-json\/wp\/v2\/pages"}],"about":[{"href":"https:\/\/www.saima.com\/it\/wp-json\/wp\/v2\/types\/page"}],"author":[{"embeddable":true,"href":"https:\/\/www.saima.com\/it\/wp-json\/wp\/v2\/users\/1"}],"replies":[{"embeddable":true,"href":"https:\/\/www.saima.com\/it\/wp-json\/wp\/v2\/comments?post=1852"}],"version-history":[{"count":65,"href":"https:\/\/www.saima.com\/it\/wp-json\/wp\/v2\/pages\/1852\/revisions"}],"predecessor-version":[{"id":8308,"href":"https:\/\/www.saima.com\/it\/wp-json\/wp\/v2\/pages\/1852\/revisions\/8308"}],"wp:attachment":[{"href":"https:\/\/www.saima.com\/it\/wp-json\/wp\/v2\/media?parent=1852"}],"curies":[{"name":"wp","href":"https:\/\/api.w.org\/{rel}","templated":true}]}}